{"id":60,"date":"2024-03-05T19:05:10","date_gmt":"2024-03-05T19:05:10","guid":{"rendered":"https:\/\/veteranen-musik-rheintal.ch\/?page_id=60"},"modified":"2025-08-19T19:01:54","modified_gmt":"2025-08-19T19:01:54","slug":"besetzung","status":"publish","type":"page","link":"https:\/\/veteranen-musik-rheintal.ch\/index.php\/besetzung\/","title":{"rendered":"Besetzung"},"content":{"rendered":"\n<figure class=\"wp-block-table is-style-stripes\"><table><tbody><tr><td>Direktion<\/td><td>Kurt Ulmann<\/td><td><\/td><\/tr><tr><td>Bassklarinette<\/td><td>Werner Fisch<\/td><td>MG R\u00fcthi<\/td><\/tr><tr><td>Alt-Saxophon<\/td><td>Hermann Rickert<\/td><td>MG St.Margrethen<\/td><\/tr><tr><td><\/td><td>Karin Cavallaro<\/td><td>MG Altenrhein-Staad<\/td><\/tr><tr><td><\/td><td>Patricia Willi<\/td><td>MG Altenrhein-Staad<\/td><\/tr><tr><td><\/td><td>Hansueli N\u00fcesch<\/td><td>MV Balgach<\/td><\/tr><tr><td>Tenor-Saxophon<\/td><td>Jeanette Keel<\/td><td>MG Altenrhein-Staad<\/td><\/tr><tr><td><\/td><td>J\u00f6rg L\u00fcchinger<\/td><td><\/td><\/tr><tr><td><\/td><td>Gerhard Weder<\/td><td>MV Balgach<\/td><\/tr><tr><td><\/td><td>Rolf Niederer<\/td><td><\/td><\/tr><tr><td>Trompete<\/td><td>Verena Federli<\/td><td>MG St.Margrethen<\/td><\/tr><tr><td><\/td><td>Erich Federli<\/td><td>MG St.Margrethen<\/td><\/tr><tr><td><\/td><td>Marcel Capeder<\/td><td>MG Altenrhein-Staad<\/td><\/tr><tr><td><\/td><td>Manfred Kast<\/td><td>MG Altenrhein-Staad<\/td><\/tr><tr><td><\/td><td>Christoph Kling<\/td><td>MG Altenrhein-Staad<\/td><\/tr><tr><td><\/td><td>Erwin Bolt<\/td><td><\/td><\/tr><tr><td><\/td><td>Max Reich<\/td><td>MV Rebstein<\/td><\/tr><tr><td><\/td><td>Ernst Baumann<\/td><td>MV Rebstein<\/td><\/tr><tr><td><\/td><td>Kuno L\u00fcchinger<\/td><td><\/td><\/tr><tr><td><\/td><td>Stefan Mattle<\/td><td><\/td><\/tr><tr><td><\/td><td>Max Eugster<\/td><td><\/td><\/tr><tr><td><\/td><td>Roland Baumgartner<\/td><td><\/td><\/tr><tr><td>Waldhorn<\/td><td>Bernhard Messmer<\/td><td><\/td><\/tr><tr><td>Euphonium<\/td><td>Christine Obrecht<\/td><td>MV Rebstein<\/td><\/tr><tr><td><\/td><td>Emil M\u00fcller<\/td><td>MG St.Margrethen<\/td><\/tr><tr><td><\/td><td>Michael Kling<\/td><td>MG Altenrhein-Staad<\/td><\/tr><tr><td><\/td><td>Erwin Sonderegger<\/td><td>MG St.Margrethen<\/td><\/tr><tr><td><\/td><td>Hansueli Bollhalder<\/td><td>MG Sennwald<\/td><\/tr><tr><td><\/td><td>Sepp Zweifel<\/td><td><\/td><\/tr><tr><td>Posaunen<\/td><td>Erich Koller<\/td><td>MV Balgach<\/td><\/tr><tr><td><\/td><td>Bruno Cavallaro<\/td><td>MG Altenrhein-Staad<\/td><\/tr><tr><td>Tuba<\/td><td>Felix Z\u00fcnd<\/td><td>MV Rorschacherberg<\/td><\/tr><tr><td><\/td><td>Peter Stieger<\/td><td>MG Altenrhein-Staad<\/td><\/tr><tr><td><\/td><td>Markus Straub<\/td><td>MG R\u00fcthi<\/td><\/tr><tr><td>Schlagzeug<\/td><td>Paul McElroy<\/td><td>MV Heerbrugg<\/td><\/tr><\/tbody><\/table><\/figure>\n","protected":false},"excerpt":{"rendered":"<p>Direktion Kurt Ulmann Bassklarinette Werner Fisch MG R\u00fcthi Alt-Saxophon Hermann Rickert MG St.Margrethen Karin Cavallaro MG Altenrhein-Staad Patricia Willi MG Altenrhein-Staad Hansueli N\u00fcesch MV Balgach Tenor-Saxophon Jeanette Keel MG Altenrhein-Staad J\u00f6rg L\u00fcchinger Gerhard Weder MV Balgach Rolf Niederer Trompete Verena Federli MG St.Margrethen Erich Federli MG St.Margrethen Marcel Capeder MG Altenrhein-Staad Manfred Kast MG Altenrhein-Staad [&hellip;]<\/p>\n","protected":false},"author":1,"featured_media":0,"parent":0,"menu_order":0,"comment_status":"closed","ping_status":"closed","template":"","meta":{"footnotes":""},"class_list":["post-60","page","type-page","status-publish","hentry"],"_links":{"self":[{"href":"https:\/\/veteranen-musik-rheintal.ch\/index.php\/wp-json\/wp\/v2\/pages\/60","targetHints":{"allow":["GET"]}}],"collection":[{"href":"https:\/\/veteranen-musik-rheintal.ch\/index.php\/wp-json\/wp\/v2\/pages"}],"about":[{"href":"https:\/\/veteranen-musik-rheintal.ch\/index.php\/wp-json\/wp\/v2\/types\/page"}],"author":[{"embeddable":true,"href":"https:\/\/veteranen-musik-rheintal.ch\/index.php\/wp-json\/wp\/v2\/users\/1"}],"replies":[{"embeddable":true,"href":"https:\/\/veteranen-musik-rheintal.ch\/index.php\/wp-json\/wp\/v2\/comments?post=60"}],"version-history":[{"count":9,"href":"https:\/\/veteranen-musik-rheintal.ch\/index.php\/wp-json\/wp\/v2\/pages\/60\/revisions"}],"predecessor-version":[{"id":202,"href":"https:\/\/veteranen-musik-rheintal.ch\/index.php\/wp-json\/wp\/v2\/pages\/60\/revisions\/202"}],"wp:attachment":[{"href":"https:\/\/veteranen-musik-rheintal.ch\/index.php\/wp-json\/wp\/v2\/media?parent=60"}],"curies":[{"name":"wp","href":"https:\/\/api.w.org\/{rel}","templated":true}]}}