{"id":38,"date":"2024-03-05T18:17:50","date_gmt":"2024-03-05T18:17:50","guid":{"rendered":"https:\/\/veteranen-musik-rheintal.ch\/?page_id=38"},"modified":"2026-02-27T19:04:15","modified_gmt":"2026-02-27T19:04:15","slug":"termine","status":"publish","type":"page","link":"https:\/\/veteranen-musik-rheintal.ch\/index.php\/termine\/","title":{"rendered":"Termine"},"content":{"rendered":"\n<p>Wir probem 1x Monat, jeweils am Freitagabend um 19:00 Uhr im Probelokal der MG St.Margrethen<\/p>\n\n\n\n<p><strong>N\u00e4chste Auftritte<\/strong><\/p>\n\n\n\n<figure class=\"wp-block-table is-style-stripes\"><table><tbody><tr><td>25.04.2026<\/td><td class=\"has-text-align-left\" data-align=\"left\">Rhema in Altst\u00e4tten &#8211; Tag der Blasmusik 16:30 Uhr<\/td><\/tr><tr><td>01.05.2026<\/td><td class=\"has-text-align-left\" data-align=\"left\">D\u00e4mmerschoppen Vollmond\/FUN St. Margrethen im Park, 19:00 Uhr<\/td><\/tr><tr><td>25.05.2026<\/td><td class=\"has-text-align-left\" data-align=\"left\">Fr\u00fchschoppen Feuerwehrverein St.Margrethen im Park, 11:00 Uhr<\/td><\/tr><tr><td>06.09.2026<\/td><td class=\"has-text-align-left\" data-align=\"left\">Auftritt an der Zwetschgenchilbi in Altenrhein, 14:00 Uhr<\/td><\/tr><\/tbody><\/table><\/figure>\n\n\n\n<p><strong>Proben 2026<\/strong><\/p>\n\n\n\n<figure class=\"wp-block-table is-style-stripes\"><table><tbody><tr><td>23.01.2026<\/td><\/tr><tr><td>13.02.2026<\/td><\/tr><tr><td>20.03.2026<\/td><\/tr><tr><td>17.04.2026<\/td><\/tr><tr><td>22.05.2026<\/td><\/tr><tr><td>19.06.2026<\/td><\/tr><tr><td>03.07.2026<\/td><\/tr><tr><td>14.08.2026<\/td><\/tr><tr><td>04.09.2026<\/td><\/tr><tr><td>18.09.2026<\/td><\/tr><tr><td>30.10.2026<\/td><\/tr><tr><td>27.11.2026<\/td><\/tr><tr><td>15.12.2026<\/td><\/tr><\/tbody><\/table><\/figure>\n\n\n\n<p><strong>Vergange Termine<\/strong><\/p>\n\n\n\n<figure class=\"wp-block-table alignleft is-style-stripes\"><table><tbody><tr><td>25.11.2025<\/td><td>Seniorenanlass LEICA Heerbrugg<\/td><\/tr><tr><td>20.9.2025<\/td><td>Kreis-DV Diepoldsau<\/td><\/tr><tr><td>06.07.2025<\/td><td>D\u00e4mmerschoppen Kilbi Balgach&nbsp;<\/td><\/tr><tr><td>09.06.2025<\/td><td>Fr\u00fchschoppen Feuerwehrverein St. Margrethen<\/td><\/tr><tr><td>20.11.2024<\/td><td>Seniorennachmittag Rebstein<\/td><\/tr><tr><td>21.09.2024<\/td><td>Kreis DV Berneck<\/td><\/tr><tr><td>20.05.2024<\/td><td>Fr\u00fchschoppen Feuerwehrverein St. Margrethen<\/td><\/tr><tr><td>17.05.2024<\/td><td>Rheinregulierung Vertragsunterzeichnung Widnau<\/td><\/tr><tr><td>15.11.2023<\/td><td>Seniorennachmittag Balgach<\/td><\/tr><tr><td>23.09.2023<\/td><td>Kreis DV Widnau<\/td><\/tr><tr><td>29.05.2023<\/td><td>Fr\u00fchschoppen Feuerwehrverein St. Margrethen<\/td><\/tr><tr><td>31.03.2023<\/td><td>Konzert Altersheim Fahr St.Margrethen<\/td><\/tr><tr><td>24.09.2022<\/td><td>Kreis DV Au<\/td><\/tr><tr><td>08.03.2022<\/td><td>Gr\u00fcndung Veteranenmusik Rheintal<\/td><\/tr><\/tbody><\/table><\/figure>\n\n\n\n<p><\/p>\n","protected":false},"excerpt":{"rendered":"<p>Wir probem 1x Monat, jeweils am Freitagabend um 19:00 Uhr im Probelokal der MG St.Margrethen N\u00e4chste Auftritte 25.04.2026 Rhema in Altst\u00e4tten &#8211; Tag der Blasmusik 16:30 Uhr 01.05.2026 D\u00e4mmerschoppen Vollmond\/FUN St. Margrethen im Park, 19:00 Uhr 25.05.2026 Fr\u00fchschoppen Feuerwehrverein St.Margrethen im Park, 11:00 Uhr 06.09.2026 Auftritt an der Zwetschgenchilbi in Altenrhein, 14:00 Uhr Proben 2026 [&hellip;]<\/p>\n","protected":false},"author":1,"featured_media":0,"parent":0,"menu_order":0,"comment_status":"closed","ping_status":"closed","template":"","meta":{"footnotes":""},"class_list":["post-38","page","type-page","status-publish","hentry"],"_links":{"self":[{"href":"https:\/\/veteranen-musik-rheintal.ch\/index.php\/wp-json\/wp\/v2\/pages\/38","targetHints":{"allow":["GET"]}}],"collection":[{"href":"https:\/\/veteranen-musik-rheintal.ch\/index.php\/wp-json\/wp\/v2\/pages"}],"about":[{"href":"https:\/\/veteranen-musik-rheintal.ch\/index.php\/wp-json\/wp\/v2\/types\/page"}],"author":[{"embeddable":true,"href":"https:\/\/veteranen-musik-rheintal.ch\/index.php\/wp-json\/wp\/v2\/users\/1"}],"replies":[{"embeddable":true,"href":"https:\/\/veteranen-musik-rheintal.ch\/index.php\/wp-json\/wp\/v2\/comments?post=38"}],"version-history":[{"count":22,"href":"https:\/\/veteranen-musik-rheintal.ch\/index.php\/wp-json\/wp\/v2\/pages\/38\/revisions"}],"predecessor-version":[{"id":220,"href":"https:\/\/veteranen-musik-rheintal.ch\/index.php\/wp-json\/wp\/v2\/pages\/38\/revisions\/220"}],"wp:attachment":[{"href":"https:\/\/veteranen-musik-rheintal.ch\/index.php\/wp-json\/wp\/v2\/media?parent=38"}],"curies":[{"name":"wp","href":"https:\/\/api.w.org\/{rel}","templated":true}]}}